{"id":5517,"date":"2025-01-12T03:01:44","date_gmt":"2025-01-12T00:01:44","guid":{"rendered":"https:\/\/taceo.com.tr\/?page_id=5517"},"modified":"2025-02-03T16:56:09","modified_gmt":"2025-02-03T13:56:09","slug":"cart-2","status":"publish","type":"page","link":"https:\/\/taceo.com.tr\/?page_id=5517","title":{"rendered":"Cart"},"content":{"rendered":"\n<div data-block-name=\"woocommerce\/cart\" class=\"wp-block-woocommerce-cart alignwide is-loading\">\n<div data-block-name=\"woocommerce\/filled-cart-block\" class=\"wp-block-woocommerce-filled-cart-block\">\n<div data-block-name=\"woocommerce\/cart-items-block\" class=\"wp-block-woocommerce-cart-items-block\">\n<div data-block-name=\"woocommerce\/cart-line-items-block\" class=\"wp-block-woocommerce-cart-line-items-block\"><\/div>\n\n\n\n<div data-block-name=\"woocommerce\/cart-cross-sells-block\" class=\"wp-block-woocommerce-cart-cross-sells-block\">\n<h2 class=\"wp-block-heading has-large-font-size\">You may be interested in\u2026<\/h2>\n\n\n\n<div data-block-name=\"woocommerce\/cart-cross-sells-products-block\" class=\"wp-block-woocommerce-cart-cross-sells-products-block\"><\/div>\n<\/div>\n<\/div>\n\n\n\n<div data-block-name=\"woocommerce\/cart-totals-block\" class=\"wp-block-woocommerce-cart-totals-block\">\n<div data-block-name=\"woocommerce\/cart-order-summary-block\" class=\"wp-block-woocommerce-cart-order-summary-block\">\n<div data-block-name=\"woocommerce\/cart-order-summary-heading-block\" class=\"wp-block-woocommerce-cart-order-summary-heading-block\"><\/div><div data-block-name=\"woocommerce\/cart-order-summary-coupon-form-block\" class=\"wp-block-woocommerce-cart-order-summary-coupon-form-block\"><\/div><div data-block-name=\"woocommerce\/cart-order-summary-totals-block\" class=\"wp-block-woocommerce-cart-order-summary-totals-block\">\n<div data-block-name=\"woocommerce\/cart-order-summary-subtotal-block\" class=\"wp-block-woocommerce-cart-order-summary-subtotal-block\"><\/div>\n<div data-block-name=\"woocommerce\/cart-order-summary-discount-block\" class=\"wp-block-woocommerce-cart-order-summary-discount-block\"><\/div>\n<div data-block-name=\"woocommerce\/cart-order-summary-fee-block\" class=\"wp-block-woocommerce-cart-order-summary-fee-block\"><\/div>\n<div data-block-name=\"woocommerce\/cart-order-summary-shipping-block\" class=\"wp-block-woocommerce-cart-order-summary-shipping-block\"><\/div>\n<div data-block-name=\"woocommerce\/cart-order-summary-taxes-block\" class=\"wp-block-woocommerce-cart-order-summary-taxes-block\"><\/div><\/div>\n<\/div>\n\n\n\n<div data-block-name=\"woocommerce\/cart-express-payment-block\" class=\"wp-block-woocommerce-cart-express-payment-block\"><\/div>\n\n\n\n<div data-block-name=\"woocommerce\/proceed-to-checkout-block\" class=\"wp-block-woocommerce-proceed-to-checkout-block\"><\/div>\n\n\n\n<div data-block-name=\"woocommerce\/cart-accepted-payment-methods-block\" class=\"wp-block-woocommerce-cart-accepted-payment-methods-block\"><\/div>\n<\/div>\n<\/div>\n\n\n\n<div data-block-name=\"woocommerce\/empty-cart-block\" class=\"wp-block-woocommerce-empty-cart-block\">\n<h2 class=\"wp-block-heading has-text-align-center with-empty-cart-icon wc-block-cart__empty-cart__title\">Your cart is currently empty!<\/h2>\n\n\n\n<hr class=\"wp-block-separator has-alpha-channel-opacity is-style-dots\"\/>\n\n\n\n<h2 class=\"wp-block-heading has-text-align-center\">New in store<\/h2>\n\n\n<div data-block-name=\"woocommerce\/product-new\" data-columns=\"4\" data-rows=\"1\" class=\"wc-block-grid wp-block-product-new wp-block-woocommerce-product-new wc-block-product-new has-4-columns\"><ul class=\"wc-block-grid__products\"><li class=\"wc-block-grid__product\">\n\t\t\t\t<a href=\"https:\/\/taceo.com.tr\/?product=bag-in-box-dolum-makinesi\" class=\"wc-block-grid__product-link\">\n\t\t\t\t\t\n\t\t\t\t\t<div class=\"wc-block-grid__product-image\"><img fetchpriority=\"high\" decoding=\"async\" width=\"300\" height=\"300\" src=\"https:\/\/taceo.com.tr\/wp-content\/uploads\/2025\/02\/baginbox1-300x300.webp\" class=\"attachment-woocommerce_thumbnail size-woocommerce_thumbnail not-transparent\" alt=\"Bag in Box Dolum Makinesi\" srcset=\"https:\/\/taceo.com.tr\/wp-content\/uploads\/2025\/02\/baginbox1-300x300.webp 300w, https:\/\/taceo.com.tr\/wp-content\/uploads\/2025\/02\/baginbox1-150x150.webp 150w, https:\/\/taceo.com.tr\/wp-content\/uploads\/2025\/02\/baginbox1-720x720.webp 720w, https:\/\/taceo.com.tr\/wp-content\/uploads\/2025\/02\/baginbox1-100x100.webp 100w\" sizes=\"(max-width: 300px) 100vw, 300px\" data-has-transparency=\"false\" data-dominant-color=\"5c5b5a\" style=\"--dominant-color: #5c5b5a;\" \/><\/div>\n\t\t\t\t\t<div class=\"wc-block-grid__product-title\">Bag in Box Dolum Makinesi<\/div>\n\t\t\t\t<\/a>\n\t\t\t\t<div class=\"wc-block-grid__product-price price\"><span class=\"woocommerce-Price-amount amount\"><span class=\"woocommerce-Price-currencySymbol\">&#036;<\/span>13.850,00<\/span><\/div>\n\t\t\t\t\n\t\t\t\t<div class=\"wp-block-button wc-block-grid__product-add-to-cart\"><a href=\"\/index.php?rest_route=%2Fwp%2Fv2%2Fpages%2F5517&#038;add-to-cart=6058\" aria-label=\"Sepete ekle: \u201cBag in Box Dolum Makinesi\u201d\" data-quantity=\"1\" data-product_id=\"6058\" data-product_sku=\"\" data-price=\"13850\" rel=\"nofollow\" class=\"wp-block-button__link  add_to_cart_button ajax_add_to_cart\">Sepete ekle<\/a><\/div>\n\t\t\t<\/li><li class=\"wc-block-grid__product\">\n\t\t\t\t<a href=\"https:\/\/taceo.com.tr\/?product=talkback\" class=\"wc-block-grid__product-link\">\n\t\t\t\t\t\n\t\t\t\t\t<div class=\"wc-block-grid__product-image\"><img decoding=\"async\" width=\"300\" height=\"300\" src=\"https:\/\/taceo.com.tr\/wp-content\/uploads\/2025\/02\/talkback2-300x300.webp\" class=\"attachment-woocommerce_thumbnail size-woocommerce_thumbnail not-transparent\" alt=\"Talkback\" srcset=\"https:\/\/taceo.com.tr\/wp-content\/uploads\/2025\/02\/talkback2-300x300.webp 300w, https:\/\/taceo.com.tr\/wp-content\/uploads\/2025\/02\/talkback2-150x150.webp 150w, https:\/\/taceo.com.tr\/wp-content\/uploads\/2025\/02\/talkback2-100x100.webp 100w\" sizes=\"(max-width: 300px) 100vw, 300px\" data-has-transparency=\"false\" data-dominant-color=\"27202b\" style=\"--dominant-color: #27202b;\" \/><\/div>\n\t\t\t\t\t<div class=\"wc-block-grid__product-title\">Talkback<\/div>\n\t\t\t\t<\/a>\n\t\t\t\t<div class=\"wc-block-grid__product-price price\"><span class=\"woocommerce-Price-amount amount\"><span class=\"woocommerce-Price-currencySymbol\">&#036;<\/span>585,00<\/span><\/div>\n\t\t\t\t\n\t\t\t\t<div class=\"wp-block-button wc-block-grid__product-add-to-cart\"><a href=\"\/index.php?rest_route=%2Fwp%2Fv2%2Fpages%2F5517&#038;add-to-cart=6048\" aria-label=\"Sepete ekle: \u201cTalkback\u201d\" data-quantity=\"1\" data-product_id=\"6048\" data-product_sku=\"\" data-price=\"585\" rel=\"nofollow\" class=\"wp-block-button__link  add_to_cart_button ajax_add_to_cart\">Sepete ekle<\/a><\/div>\n\t\t\t<\/li><li class=\"wc-block-grid__product\">\n\t\t\t\t<a href=\"https:\/\/taceo.com.tr\/?product=kopuk-olusumunu-onleyen-dolum-cihazi\" class=\"wc-block-grid__product-link\">\n\t\t\t\t\t\n\t\t\t\t\t<div class=\"wc-block-grid__product-image\"><img decoding=\"async\" width=\"300\" height=\"300\" src=\"https:\/\/taceo.com.tr\/wp-content\/uploads\/2025\/02\/nofoamfiiling-300x300.webp\" class=\"attachment-woocommerce_thumbnail size-woocommerce_thumbnail not-transparent\" alt=\"K\u00f6p\u00fck Olu\u015fumunu \u00d6nleyen Dolum Cihaz\u0131\" srcset=\"https:\/\/taceo.com.tr\/wp-content\/uploads\/2025\/02\/nofoamfiiling-300x300.webp 300w, https:\/\/taceo.com.tr\/wp-content\/uploads\/2025\/02\/nofoamfiiling-150x150.webp 150w, https:\/\/taceo.com.tr\/wp-content\/uploads\/2025\/02\/nofoamfiiling-720x720.webp 720w, https:\/\/taceo.com.tr\/wp-content\/uploads\/2025\/02\/nofoamfiiling-100x100.webp 100w\" sizes=\"(max-width: 300px) 100vw, 300px\" data-has-transparency=\"false\" data-dominant-color=\"6b6c6b\" style=\"--dominant-color: #6b6c6b;\" \/><\/div>\n\t\t\t\t\t<div class=\"wc-block-grid__product-title\">K\u00f6p\u00fck Olu\u015fumunu \u00d6nleyen Dolum Cihaz\u0131<\/div>\n\t\t\t\t<\/a>\n\t\t\t\t<div class=\"wc-block-grid__product-price price\"><span class=\"woocommerce-Price-amount amount\"><span class=\"woocommerce-Price-currencySymbol\">&#036;<\/span>1.450,00<\/span><\/div>\n\t\t\t\t\n\t\t\t\t<div class=\"wp-block-button wc-block-grid__product-add-to-cart\"><a href=\"\/index.php?rest_route=%2Fwp%2Fv2%2Fpages%2F5517&#038;add-to-cart=6045\" aria-label=\"Sepete ekle: \u201cK\u00f6p\u00fck Olu\u015fumunu \u00d6nleyen Dolum Cihaz\u0131\u201d\" data-quantity=\"1\" data-product_id=\"6045\" data-product_sku=\"\" data-price=\"1450\" rel=\"nofollow\" class=\"wp-block-button__link  add_to_cart_button ajax_add_to_cart\">Sepete ekle<\/a><\/div>\n\t\t\t<\/li><li class=\"wc-block-grid__product\">\n\t\t\t\t<a href=\"https:\/\/taceo.com.tr\/?product=hidrolik-unite-kontrol-panosu\" class=\"wc-block-grid__product-link\">\n\t\t\t\t\t\n\t\t\t\t\t<div class=\"wc-block-grid__product-image\"><img loading=\"lazy\" decoding=\"async\" width=\"300\" height=\"300\" src=\"https:\/\/taceo.com.tr\/wp-content\/uploads\/2025\/02\/1hidrolik-unite-kontrol-panosu-300x300.webp\" class=\"attachment-woocommerce_thumbnail size-woocommerce_thumbnail not-transparent\" alt=\"Hidrolik \u00dcnite Kontrol Panosu\" srcset=\"https:\/\/taceo.com.tr\/wp-content\/uploads\/2025\/02\/1hidrolik-unite-kontrol-panosu-300x300.webp 300w, https:\/\/taceo.com.tr\/wp-content\/uploads\/2025\/02\/1hidrolik-unite-kontrol-panosu-150x150.webp 150w, https:\/\/taceo.com.tr\/wp-content\/uploads\/2025\/02\/1hidrolik-unite-kontrol-panosu-720x720.webp 720w, https:\/\/taceo.com.tr\/wp-content\/uploads\/2025\/02\/1hidrolik-unite-kontrol-panosu-100x100.webp 100w\" sizes=\"(max-width: 300px) 100vw, 300px\" data-has-transparency=\"false\" data-dominant-color=\"524d49\" style=\"--dominant-color: #524d49;\" \/><\/div>\n\t\t\t\t\t<div class=\"wc-block-grid__product-title\">Hidrolik \u00dcnite Kontrol Panosu<\/div>\n\t\t\t\t<\/a>\n\t\t\t\t<div class=\"wc-block-grid__product-price price\"><span class=\"woocommerce-Price-amount amount\"><span class=\"woocommerce-Price-currencySymbol\">&#036;<\/span>450,00<\/span><\/div>\n\t\t\t\t\n\t\t\t\t<div class=\"wp-block-button wc-block-grid__product-add-to-cart\"><a href=\"\/index.php?rest_route=%2Fwp%2Fv2%2Fpages%2F5517&#038;add-to-cart=5731\" aria-label=\"Sepete ekle: \u201cHidrolik \u00dcnite Kontrol Panosu\u201d\" data-quantity=\"1\" data-product_id=\"5731\" data-product_sku=\"\" data-price=\"450\" rel=\"nofollow\" class=\"wp-block-button__link  add_to_cart_button ajax_add_to_cart\">Sepete ekle<\/a><\/div>\n\t\t\t<\/li><\/ul><\/div><\/div>\n<\/div>\n","protected":false},"excerpt":{"rendered":"","protected":false},"author":1,"featured_media":0,"parent":0,"menu_order":0,"comment_status":"closed","ping_status":"closed","template":"","meta":{"_joinchat":[],"footnotes":""},"class_list":["post-5517","page","type-page","status-publish","hentry"],"_links":{"self":[{"href":"https:\/\/taceo.com.tr\/index.php?rest_route=\/wp\/v2\/pages\/5517","targetHints":{"allow":["GET"]}}],"collection":[{"href":"https:\/\/taceo.com.tr\/index.php?rest_route=\/wp\/v2\/pages"}],"about":[{"href":"https:\/\/taceo.com.tr\/index.php?rest_route=\/wp\/v2\/types\/page"}],"author":[{"embeddable":true,"href":"https:\/\/taceo.com.tr\/index.php?rest_route=\/wp\/v2\/users\/1"}],"replies":[{"embeddable":true,"href":"https:\/\/taceo.com.tr\/index.php?rest_route=%2Fwp%2Fv2%2Fcomments&post=5517"}],"version-history":[{"count":1,"href":"https:\/\/taceo.com.tr\/index.php?rest_route=\/wp\/v2\/pages\/5517\/revisions"}],"predecessor-version":[{"id":5574,"href":"https:\/\/taceo.com.tr\/index.php?rest_route=\/wp\/v2\/pages\/5517\/revisions\/5574"}],"wp:attachment":[{"href":"https:\/\/taceo.com.tr\/index.php?rest_route=%2Fwp%2Fv2%2Fmedia&parent=5517"}],"curies":[{"name":"wp","href":"https:\/\/api.w.org\/{rel}","templated":true}]}}