{"id":6129,"date":"2025-02-16T18:23:25","date_gmt":"2025-02-16T15:23:25","guid":{"rendered":"https:\/\/taceo.com.tr\/?page_id=6129"},"modified":"2025-02-17T14:10:38","modified_gmt":"2025-02-17T11:10:38","slug":"automation-machine","status":"publish","type":"page","link":"https:\/\/taceo.com.tr\/?page_id=6129","title":{"rendered":"Otomasyon, Tesis ve Makine Kontrol Panolar\u0131"},"content":{"rendered":"\t\t<div data-elementor-type=\"wp-page\" data-elementor-id=\"6129\" class=\"elementor elementor-6129\" data-elementor-post-type=\"page\">\n\t\t\t\t\t\t<section class=\"elementor-section elementor-top-section elementor-element elementor-element-f983331 elementor-section-content-middle ot-traditional elementor-section-boxed elementor-section-height-default elementor-section-height-default\" data-id=\"f983331\" data-element_type=\"section\">\n\t\t\t\t\t\t<div class=\"elementor-container elementor-column-gap-extended\">\n\t\t\t\t\t<div class=\"elementor-column elementor-col-50 elementor-top-column elementor-element elementor-element-fb1c096 ot-flex-column-vertical\" data-id=\"fb1c096\" data-element_type=\"column\">\n\t\t\t<div class=\"elementor-widget-wrap elementor-element-populated\">\n\t\t\t\t\t\t<div class=\"elementor-element elementor-element-ab8c75d elementor-widget__width-initial elementor-widget elementor-widget-image\" data-id=\"ab8c75d\" data-element_type=\"widget\" data-widget_type=\"image.default\">\n\t\t\t\t<div class=\"elementor-widget-container\">\n\t\t\t\t\t\t\t\t\t\t\t\t\t\t\t<img fetchpriority=\"high\" decoding=\"async\" width=\"1255\" height=\"835\" src=\"https:\/\/taceo.com.tr\/wp-content\/uploads\/2019\/11\/power-project.webp\" class=\"attachment-full size-full wp-image-5422 not-transparent\" alt=\"\" srcset=\"https:\/\/taceo.com.tr\/wp-content\/uploads\/2019\/11\/power-project.webp 1255w, https:\/\/taceo.com.tr\/wp-content\/uploads\/2019\/11\/power-project-600x399.webp 600w, https:\/\/taceo.com.tr\/wp-content\/uploads\/2019\/11\/power-project-300x200.webp 300w, https:\/\/taceo.com.tr\/wp-content\/uploads\/2019\/11\/power-project-1024x681.webp 1024w, https:\/\/taceo.com.tr\/wp-content\/uploads\/2019\/11\/power-project-768x511.webp 768w, https:\/\/taceo.com.tr\/wp-content\/uploads\/2019\/11\/power-project-720x479.webp 720w\" sizes=\"(max-width: 1255px) 100vw, 1255px\" data-has-transparency=\"false\" data-dominant-color=\"716d56\" style=\"--dominant-color: #716d56\" \/>\t\t\t\t\t\t\t\t\t\t\t\t\t\t\t<\/div>\n\t\t\t\t<\/div>\n\t\t\t\t\t<\/div>\n\t\t<\/div>\n\t\t\t\t<div class=\"elementor-column elementor-col-50 elementor-top-column elementor-element elementor-element-8d40657 ot-flex-column-vertical\" data-id=\"8d40657\" data-element_type=\"column\">\n\t\t\t<div class=\"elementor-widget-wrap elementor-element-populated\">\n\t\t\t\t\t\t<div class=\"elementor-element elementor-element-b059e25 elementor-widget elementor-widget-iheading\" data-id=\"b059e25\" data-element_type=\"widget\" data-widget_type=\"iheading.default\">\n\t\t\t\t<div class=\"elementor-widget-container\">\n\t\t\t\t\t\t\t<div class=\"ot-heading\">\r\n\t        \t            <span>\/\/ taceo<\/span>\r\n\t        <h2 class=\"main-heading\">Y\u00fcksek performansl\u0131 otomasyon \u00e7\u00f6z\u00fcmlerimizle \u00fcretim s\u00fcre\u00e7lerinizi optimize ediyoruz.<\/h2>\t    <\/div>\r\n\t    \t\t\t\t<\/div>\n\t\t\t\t<\/div>\n\t\t\t\t<section class=\"elementor-section elementor-inner-section elementor-element elementor-element-5f1f08f elementor-section-full_width ot-traditional elementor-section-height-default elementor-section-height-default\" data-id=\"5f1f08f\" data-element_type=\"section\">\n\t\t\t\t\t\t<div class=\"elementor-container elementor-column-gap-extended\">\n\t\t\t\t\t<div class=\"elementor-column elementor-col-50 elementor-inner-column elementor-element elementor-element-4abda34 ot-flex-column-vertical\" data-id=\"4abda34\" data-element_type=\"column\">\n\t\t\t<div class=\"elementor-widget-wrap elementor-element-populated\">\n\t\t\t\t\t\t<div class=\"elementor-element elementor-element-32b356f elementor-widget elementor-widget-heading\" data-id=\"32b356f\" data-element_type=\"widget\" data-widget_type=\"heading.default\">\n\t\t\t\t<div class=\"elementor-widget-container\">\n\t\t\t\t\t<span class=\"elementor-heading-title elementor-size-default\">01.<\/span>\t\t\t\t<\/div>\n\t\t\t\t<\/div>\n\t\t\t\t<div class=\"elementor-element elementor-element-b11afd0 elementor-widget elementor-widget-heading\" data-id=\"b11afd0\" data-element_type=\"widget\" data-widget_type=\"heading.default\">\n\t\t\t\t<div class=\"elementor-widget-container\">\n\t\t\t\t\t<h6 class=\"elementor-heading-title elementor-size-default\">\u00d6zelle\u015ftirilmi\u015f Kontrol Panosu Tasar\u0131m\u0131<\/h6>\t\t\t\t<\/div>\n\t\t\t\t<\/div>\n\t\t\t\t<div class=\"elementor-element elementor-element-88e9941 elementor-widget elementor-widget-text-editor\" data-id=\"88e9941\" data-element_type=\"widget\" data-widget_type=\"text-editor.default\">\n\t\t\t\t<div class=\"elementor-widget-container\">\n\t\t\t\t\t\t\t\t\t<p>\u0130htiya\u00e7lar\u0131n\u0131za uygun olarak tasarlanm\u0131\u015f kontrol panolar\u0131 ile tesislerinizin verimlili\u011fini art\u0131r\u0131yoruz. Mod\u00fcler ve esnek tasar\u0131mlar\u0131m\u0131z, farkl\u0131 end\u00fcstriyel uygulamalara kolayca uyum sa\u011flar.<\/p>\t\t\t\t\t\t\t\t<\/div>\n\t\t\t\t<\/div>\n\t\t\t\t\t<\/div>\n\t\t<\/div>\n\t\t\t\t<div class=\"elementor-column elementor-col-50 elementor-inner-column elementor-element elementor-element-748cc6c ot-flex-column-vertical\" data-id=\"748cc6c\" data-element_type=\"column\">\n\t\t\t<div class=\"elementor-widget-wrap elementor-element-populated\">\n\t\t\t\t\t\t<div class=\"elementor-element elementor-element-37dda7b elementor-widget elementor-widget-heading\" data-id=\"37dda7b\" data-element_type=\"widget\" data-widget_type=\"heading.default\">\n\t\t\t\t<div class=\"elementor-widget-container\">\n\t\t\t\t\t<span class=\"elementor-heading-title elementor-size-default\">02.<\/span>\t\t\t\t<\/div>\n\t\t\t\t<\/div>\n\t\t\t\t<div class=\"elementor-element elementor-element-e173cf4 elementor-widget elementor-widget-heading\" data-id=\"e173cf4\" data-element_type=\"widget\" data-widget_type=\"heading.default\">\n\t\t\t\t<div class=\"elementor-widget-container\">\n\t\t\t\t\t<h6 class=\"elementor-heading-title elementor-size-default\">End\u00fcstriyel Otomasyon Sistem Entegrasyonu<\/h6>\t\t\t\t<\/div>\n\t\t\t\t<\/div>\n\t\t\t\t<div class=\"elementor-element elementor-element-a7b1ece elementor-widget elementor-widget-text-editor\" data-id=\"a7b1ece\" data-element_type=\"widget\" data-widget_type=\"text-editor.default\">\n\t\t\t\t<div class=\"elementor-widget-container\">\n\t\t\t\t\t\t\t\t\t<p>Mevcut sistemlerinize entegre edilebilen otomasyon \u00e7\u00f6z\u00fcmleri sunuyoruz. Bu entegrasyonla, \u00fcretim hatlar\u0131n\u0131z\u0131n uyumlu ve sorunsuz \u00e7al\u0131\u015fmas\u0131n\u0131 sa\u011fl\u0131yoruz.<\/p>\t\t\t\t\t\t\t\t<\/div>\n\t\t\t\t<\/div>\n\t\t\t\t\t<\/div>\n\t\t<\/div>\n\t\t\t\t\t<\/div>\n\t\t<\/section>\n\t\t\t\t<section class=\"elementor-section elementor-inner-section elementor-element elementor-element-c0b5187 elementor-section-full_width ot-traditional elementor-section-height-default elementor-section-height-default\" data-id=\"c0b5187\" data-element_type=\"section\">\n\t\t\t\t\t\t<div class=\"elementor-container elementor-column-gap-extended\">\n\t\t\t\t\t<div class=\"elementor-column elementor-col-50 elementor-inner-column elementor-element elementor-element-cadbcca ot-flex-column-vertical\" data-id=\"cadbcca\" data-element_type=\"column\">\n\t\t\t<div class=\"elementor-widget-wrap elementor-element-populated\">\n\t\t\t\t\t\t<div class=\"elementor-element elementor-element-3d548c6 elementor-widget elementor-widget-heading\" data-id=\"3d548c6\" data-element_type=\"widget\" data-widget_type=\"heading.default\">\n\t\t\t\t<div class=\"elementor-widget-container\">\n\t\t\t\t\t<span class=\"elementor-heading-title elementor-size-default\">03.<\/span>\t\t\t\t<\/div>\n\t\t\t\t<\/div>\n\t\t\t\t<div class=\"elementor-element elementor-element-6229492 elementor-widget elementor-widget-heading\" data-id=\"6229492\" data-element_type=\"widget\" data-widget_type=\"heading.default\">\n\t\t\t\t<div class=\"elementor-widget-container\">\n\t\t\t\t\t<h6 class=\"elementor-heading-title elementor-size-default\">Enerji Y\u00f6netim ve Da\u011f\u0131t\u0131m Sistemleri<\/h6>\t\t\t\t<\/div>\n\t\t\t\t<\/div>\n\t\t\t\t<div class=\"elementor-element elementor-element-1a4f548 elementor-widget elementor-widget-text-editor\" data-id=\"1a4f548\" data-element_type=\"widget\" data-widget_type=\"text-editor.default\">\n\t\t\t\t<div class=\"elementor-widget-container\">\n\t\t\t\t\t\t\t\t\t<p>Kontrol panolar\u0131m\u0131z, enerji verimlili\u011fini art\u0131rmak i\u00e7in ak\u0131ll\u0131 enerji y\u00f6netim \u00e7\u00f6z\u00fcmleri i\u00e7erir. Enerji da\u011f\u0131t\u0131m\u0131n\u0131 optimize ederek, operasyonel maliyetlerinizi d\u00fc\u015f\u00fcr\u00fcyoruz.<\/p>\t\t\t\t\t\t\t\t<\/div>\n\t\t\t\t<\/div>\n\t\t\t\t\t<\/div>\n\t\t<\/div>\n\t\t\t\t<div class=\"elementor-column elementor-col-50 elementor-inner-column elementor-element elementor-element-4d21e26 ot-flex-column-vertical\" data-id=\"4d21e26\" data-element_type=\"column\">\n\t\t\t<div class=\"elementor-widget-wrap elementor-element-populated\">\n\t\t\t\t\t\t<div class=\"elementor-element elementor-element-85b7cda elementor-widget elementor-widget-heading\" data-id=\"85b7cda\" data-element_type=\"widget\" data-widget_type=\"heading.default\">\n\t\t\t\t<div class=\"elementor-widget-container\">\n\t\t\t\t\t<span class=\"elementor-heading-title elementor-size-default\">04.<\/span>\t\t\t\t<\/div>\n\t\t\t\t<\/div>\n\t\t\t\t<div class=\"elementor-element elementor-element-e16ac85 elementor-widget elementor-widget-heading\" data-id=\"e16ac85\" data-element_type=\"widget\" data-widget_type=\"heading.default\">\n\t\t\t\t<div class=\"elementor-widget-container\">\n\t\t\t\t\t<h6 class=\"elementor-heading-title elementor-size-default\">Bak\u0131m ve \u0130zleme \u00c7\u00f6z\u00fcmleri<\/h6>\t\t\t\t<\/div>\n\t\t\t\t<\/div>\n\t\t\t\t<div class=\"elementor-element elementor-element-ab16159 elementor-widget elementor-widget-text-editor\" data-id=\"ab16159\" data-element_type=\"widget\" data-widget_type=\"text-editor.default\">\n\t\t\t\t<div class=\"elementor-widget-container\">\n\t\t\t\t\t\t\t\t\t<p>Kontrol panolar\u0131n\u0131z\u0131n performans\u0131n\u0131 ger\u00e7ek zamanl\u0131 olarak izleyen sistemler sunuyoruz. Proaktif bak\u0131m stratejileriyle, ekipman \u00f6mr\u00fcn\u00fc uzat\u0131rken ar\u0131za s\u00fcrelerini en aza indiriyoruz.<\/p>\t\t\t\t\t\t\t\t<\/div>\n\t\t\t\t<\/div>\n\t\t\t\t\t<\/div>\n\t\t<\/div>\n\t\t\t\t\t<\/div>\n\t\t<\/section>\n\t\t\t\t\t<\/div>\n\t\t<\/div>\n\t\t\t\t\t<\/div>\n\t\t<\/section>\n\t\t\t\t<section class=\"elementor-section elementor-top-section elementor-element elementor-element-c2683a6 ot-traditional elementor-section-boxed elementor-section-height-default elementor-section-height-default\" data-id=\"c2683a6\" data-element_type=\"section\">\n\t\t\t\t\t\t<div class=\"elementor-container elementor-column-gap-extended\">\n\t\t\t\t\t<div class=\"elementor-column elementor-col-33 elementor-top-column elementor-element elementor-element-c78c094 ot-flex-column-vertical\" data-id=\"c78c094\" data-element_type=\"column\">\n\t\t\t<div class=\"elementor-widget-wrap elementor-element-populated\">\n\t\t\t\t\t\t<div class=\"elementor-element elementor-element-30f5848 elementor-widget elementor-widget-iservice_box\" data-id=\"30f5848\" data-element_type=\"widget\" data-widget_type=\"iservice_box.default\">\n\t\t\t\t<div class=\"elementor-widget-container\">\n\t\t\t\t\t\r\n\t\t<div class=\"service-box s-box\">\r\n\t\t\t<span class=\"big-number\">01<\/span>\r\n\t\t\t<div class=\"icon-main\">\r\n\t\t        \t\t\t    \t\t        <span class=\"flaticon-correct\"><\/span>\t        <\/div>\r\n\t        <div class=\"content-box\">\r\n\t            <h5>Makine \u00d6\u011frenmesi<\/h5>\r\n\t            <p>Robotik Deste\u011fi Sunuyoruz<\/p>\r\n\t        <\/div>\r\n\t    <\/div>\r\n\r\n\t    \t\t\t\t<\/div>\n\t\t\t\t<\/div>\n\t\t\t\t\t<\/div>\n\t\t<\/div>\n\t\t\t\t<div class=\"elementor-column elementor-col-33 elementor-top-column elementor-element elementor-element-3685830 ot-flex-column-vertical\" data-id=\"3685830\" data-element_type=\"column\">\n\t\t\t<div class=\"elementor-widget-wrap elementor-element-populated\">\n\t\t\t\t\t\t<div class=\"elementor-element elementor-element-403e727 elementor-widget elementor-widget-iservice_box\" data-id=\"403e727\" data-element_type=\"widget\" data-widget_type=\"iservice_box.default\">\n\t\t\t\t<div class=\"elementor-widget-container\">\n\t\t\t\t\t\r\n\t\t<div class=\"service-box s-box\">\r\n\t\t\t<span class=\"big-number\">02<\/span>\r\n\t\t\t<div class=\"icon-main\">\r\n\t\t        \t\t\t    \t\t        <span class=\"flaticon-correct\"><\/span>\t        <\/div>\r\n\t        <div class=\"content-box\">\r\n\t            <h5>AI Uygulamalar\u0131<\/h5>\r\n\t            <p>Yapay Zeka \u0130le Destekliyoruz<\/p>\r\n\t        <\/div>\r\n\t    <\/div>\r\n\r\n\t    \t\t\t\t<\/div>\n\t\t\t\t<\/div>\n\t\t\t\t\t<\/div>\n\t\t<\/div>\n\t\t\t\t<div class=\"elementor-column elementor-col-33 elementor-top-column elementor-element elementor-element-d000ccb ot-flex-column-vertical\" data-id=\"d000ccb\" data-element_type=\"column\">\n\t\t\t<div class=\"elementor-widget-wrap elementor-element-populated\">\n\t\t\t\t\t\t<div class=\"elementor-element elementor-element-fa18db0 elementor-widget elementor-widget-iservice_box\" data-id=\"fa18db0\" data-element_type=\"widget\" data-widget_type=\"iservice_box.default\">\n\t\t\t\t<div class=\"elementor-widget-container\">\n\t\t\t\t\t\r\n\t\t<div class=\"service-box s-box\">\r\n\t\t\t<span class=\"big-number\">03<\/span>\r\n\t\t\t<div class=\"icon-main\">\r\n\t\t        \t\t\t    \t\t        <span class=\"flaticon-correct\"><\/span>\t        <\/div>\r\n\t        <div class=\"content-box\">\r\n\t            <h5>Linux OS Bilgisayar<\/h5>\r\n\t            <p>A\u00e7\u0131k Kaynak Kodlar\u0131 ile Daha \u00d6zg\u00fcr\u00fcz<\/p>\r\n\t        <\/div>\r\n\t    <\/div>\r\n\r\n\t    \t\t\t\t<\/div>\n\t\t\t\t<\/div>\n\t\t\t\t\t<\/div>\n\t\t<\/div>\n\t\t\t\t\t<\/div>\n\t\t<\/section>\n\t\t\t\t<section class=\"elementor-section elementor-top-section elementor-element elementor-element-1cf364b elementor-section-full_width ot-traditional elementor-section-height-default elementor-section-height-default\" data-id=\"1cf364b\" data-element_type=\"section\" data-settings=\"{&quot;background_background&quot;:&quot;classic&quot;}\">\n\t\t\t\t\t\t<div class=\"elementor-container elementor-column-gap-no\">\n\t\t\t\t\t<div class=\"elementor-column elementor-col-50 elementor-top-column elementor-element elementor-element-8c8e883 ot-flex-column-vertical\" data-id=\"8c8e883\" data-element_type=\"column\">\n\t\t\t<div class=\"elementor-widget-wrap elementor-element-populated\">\n\t\t\t\t\t\t<section class=\"elementor-section elementor-inner-section elementor-element elementor-element-d619fd2 elementor-section-full_width ot-traditional elementor-section-height-default elementor-section-height-default\" data-id=\"d619fd2\" data-element_type=\"section\">\n\t\t\t\t\t\t<div class=\"elementor-container elementor-column-gap-default\">\n\t\t\t\t\t<div class=\"elementor-column elementor-col-100 elementor-inner-column elementor-element elementor-element-475b0e1 ot-flex-column-vertical\" data-id=\"475b0e1\" data-element_type=\"column\">\n\t\t\t<div class=\"elementor-widget-wrap elementor-element-populated\">\n\t\t\t\t\t\t<div class=\"elementor-element elementor-element-e4bc039 elementor-widget elementor-widget-iheading\" data-id=\"e4bc039\" data-element_type=\"widget\" data-widget_type=\"iheading.default\">\n\t\t\t\t<div class=\"elementor-widget-container\">\n\t\t\t\t\t\t\t<div class=\"ot-heading\">\r\n\t        \t            <span>\/\/ TACEO<\/span>\r\n\t        <h2 class=\"main-heading\">Sorunlar\u0131n\u0131z\u0131 dinliyoruz <br>\nProses geli\u015ftiriyoruz<\/h2>\t    <\/div>\r\n\t    \t\t\t\t<\/div>\n\t\t\t\t<\/div>\n\t\t\t\t\t<\/div>\n\t\t<\/div>\n\t\t\t\t\t<\/div>\n\t\t<\/section>\n\t\t\t\t<div class=\"elementor-element elementor-element-676d713 elementor-widget elementor-widget-itabs\" data-id=\"676d713\" data-element_type=\"widget\" data-widget_type=\"itabs.default\">\n\t\t\t\t<div class=\"elementor-widget-container\">\n\t\t\t\t\t\r\n\t\t<div class=\"ot-tabs\">\r\n\t\t\t\t\t\t<ul class=\"tabs-heading unstyle\">\r\n\t\t\t\t\t\t\t\t<li class=\"tab-link octf-btn\" data-tab=\"tab-1791\">Analiz<\/li>\r\n\t\t\t\t\t\t\t\t<li class=\"tab-link octf-btn\" data-tab=\"tab-2791\">Tasar\u0131m<\/li>\r\n\t\t\t\t\t\t\t\t<li class=\"tab-link octf-btn\" data-tab=\"tab-3791\">Test<\/li>\r\n\t\t\t\t\t\t\t<\/ul>\r\n\t\t\t\t\t\t<div id=\"tab-1791\" class=\"tab-content\">\r\n\t\t\t\t<p>\u0130\u015fletmelerin kar\u015f\u0131la\u015ft\u0131\u011f\u0131 sorunlar\u0131 analiz ederken m\u00fc\u015fteri ihtiya\u00e7lar\u0131n\u0131 ve en uygun \u00e7\u00f6z\u00fcmleri g\u00f6z \u00f6n\u00fcnde bulundururuz.<\/p>\t\t\t<\/div>\r\n\t\t\t\t\t\t<div id=\"tab-2791\" class=\"tab-content\">\r\n\t\t\t\t<p>\u00dcr\u00fcn tasar\u0131m s\u00fcrecinde ise teknolojiye ve kalite standartlar\u0131na uyum sa\u011flarken, ayn\u0131 zamanda ergonomi, g\u00fcvenlik, dayan\u0131kl\u0131l\u0131k, verimlilik, s\u00fcrd\u00fcr\u00fclebilirlik ve maliyet optimizasyonu gibi \u00fcr\u00fcn tasar\u0131m\u0131nda dikkat edilmesi gereken t\u00fcm hususlara titizlikle uyar\u0131z.<\/p>\t\t\t<\/div>\r\n\t\t\t\t\t\t<div id=\"tab-3791\" class=\"tab-content\">\r\n\t\t\t\t<p>Test ve devreye alma s\u00fcre\u00e7lerinde ise, sistemlerin g\u00fcvenilirli\u011fini ve performans\u0131n\u0131 sa\u011flamak i\u00e7in detayl\u0131 test prosed\u00fcrleri uygular, fonksiyonellik, entegrasyon, dayan\u0131kl\u0131l\u0131k ve g\u00fcvenlik testlerini titizlikle ger\u00e7ekle\u015ftiririz.<\/p>\t\t\t<\/div>\r\n\t\t\t\t    <\/div>\r\n\r\n\t    \t\t\t\t<\/div>\n\t\t\t\t<\/div>\n\t\t\t\t\t<\/div>\n\t\t<\/div>\n\t\t\t\t<div class=\"elementor-column elementor-col-50 elementor-top-column elementor-element elementor-element-a2c8f86 ot-column-items-center ot-flex-column-vertical\" data-id=\"a2c8f86\" data-element_type=\"column\" data-settings=\"{&quot;background_background&quot;:&quot;classic&quot;}\">\n\t\t\t<div class=\"elementor-widget-wrap elementor-element-populated\">\n\t\t\t\t\t\t<div class=\"elementor-element elementor-element-994594b elementor-widget elementor-widget-ivideopopup\" data-id=\"994594b\" data-element_type=\"widget\" data-widget_type=\"ivideopopup.default\">\n\t\t\t\t<div class=\"elementor-widget-container\">\n\t\t\t\t\t\t\t<div class=\"video-popup\">\r\n\t\t\t<div class=\"btn-inner\">\r\n\t\t        <a class=\"btn-play\" href=\"https:\/\/vimeo.com\/94686522\">\r\n\t\t        \t<i class=\"flaticon-play\"><\/i>\r\n\t\t        \t\t\t        \t<span class=\"circle-1\"><\/span>\r\n\t\t\t\t\t<span class=\"circle-2\"><\/span>\r\n\t\t\t\t\t\t\t        <\/a>\r\n\t        <\/div>\r\n\t        \t    <\/div>\r\n\t    \t\t\t\t<\/div>\n\t\t\t\t<\/div>\n\t\t\t\t\t<\/div>\n\t\t<\/div>\n\t\t\t\t\t<\/div>\n\t\t<\/section>\n\t\t\t\t<\/div>\n\t\t","protected":false},"excerpt":{"rendered":"<p>\/\/ taceo Y\u00fcksek performansl\u0131 otomasyon \u00e7\u00f6z\u00fcmlerimizle \u00fcretim s\u00fcre\u00e7lerinizi optimize ediyoruz. 01. \u00d6zelle\u015ftirilmi\u015f Kontrol Panosu Tasar\u0131m\u0131 \u0130htiya\u00e7lar\u0131n\u0131za uygun olarak tasarlanm\u0131\u015f kontrol panolar\u0131 ile tesislerinizin verimlili\u011fini art\u0131r\u0131yoruz. Mod\u00fcler ve esnek tasar\u0131mlar\u0131m\u0131z, farkl\u0131 end\u00fcstriyel uygulamalara kolayca uyum sa\u011flar. 02. End\u00fcstriyel Otomasyon Sistem Entegrasyonu Mevcut sistemlerinize entegre edilebilen otomasyon \u00e7\u00f6z\u00fcmleri sunuyoruz. Bu entegrasyonla, \u00fcretim hatlar\u0131n\u0131z\u0131n uyumlu ve sorunsuz \u00e7al\u0131\u015fmas\u0131n\u0131 [&hellip;]<\/p>\n","protected":false},"author":1,"featured_media":0,"parent":2407,"menu_order":0,"comment_status":"closed","ping_status":"closed","template":"","meta":{"_joinchat":[],"footnotes":""},"class_list":["post-6129","page","type-page","status-publish","hentry"],"_links":{"self":[{"href":"https:\/\/taceo.com.tr\/index.php?rest_route=\/wp\/v2\/pages\/6129","targetHints":{"allow":["GET"]}}],"collection":[{"href":"https:\/\/taceo.com.tr\/index.php?rest_route=\/wp\/v2\/pages"}],"about":[{"href":"https:\/\/taceo.com.tr\/index.php?rest_route=\/wp\/v2\/types\/page"}],"author":[{"embeddable":true,"href":"https:\/\/taceo.com.tr\/index.php?rest_route=\/wp\/v2\/users\/1"}],"replies":[{"embeddable":true,"href":"https:\/\/taceo.com.tr\/index.php?rest_route=%2Fwp%2Fv2%2Fcomments&post=6129"}],"version-history":[{"count":7,"href":"https:\/\/taceo.com.tr\/index.php?rest_route=\/wp\/v2\/pages\/6129\/revisions"}],"predecessor-version":[{"id":6174,"href":"https:\/\/taceo.com.tr\/index.php?rest_route=\/wp\/v2\/pages\/6129\/revisions\/6174"}],"up":[{"embeddable":true,"href":"https:\/\/taceo.com.tr\/index.php?rest_route=\/wp\/v2\/pages\/2407"}],"wp:attachment":[{"href":"https:\/\/taceo.com.tr\/index.php?rest_route=%2Fwp%2Fv2%2Fmedia&parent=6129"}],"curies":[{"name":"wp","href":"https:\/\/api.w.org\/{rel}","templated":true}]}}