{"id":6135,"date":"2025-02-16T18:26:47","date_gmt":"2025-02-16T15:26:47","guid":{"rendered":"https:\/\/taceo.com.tr\/?page_id=6135"},"modified":"2025-02-16T18:30:10","modified_gmt":"2025-02-16T15:30:10","slug":"mes","status":"publish","type":"page","link":"https:\/\/taceo.com.tr\/?page_id=6135","title":{"rendered":"MES+ (Geli\u015fmi\u015f \u00dcretim Y\u00f6netim Sistemleri)"},"content":{"rendered":"\t\t<div data-elementor-type=\"wp-page\" data-elementor-id=\"6135\" class=\"elementor elementor-6135\" data-elementor-post-type=\"page\">\n\t\t\t\t\t\t<section class=\"elementor-section elementor-top-section elementor-element elementor-element-f983331 elementor-section-content-middle ot-traditional elementor-section-boxed elementor-section-height-default elementor-section-height-default\" data-id=\"f983331\" data-element_type=\"section\">\n\t\t\t\t\t\t<div class=\"elementor-container elementor-column-gap-extended\">\n\t\t\t\t\t<div class=\"elementor-column elementor-col-50 elementor-top-column elementor-element elementor-element-fb1c096 ot-flex-column-vertical\" data-id=\"fb1c096\" data-element_type=\"column\">\n\t\t\t<div class=\"elementor-widget-wrap elementor-element-populated\">\n\t\t\t\t\t\t<div class=\"elementor-element elementor-element-ab8c75d elementor-widget__width-initial elementor-widget elementor-widget-image\" data-id=\"ab8c75d\" data-element_type=\"widget\" data-widget_type=\"image.default\">\n\t\t\t\t<div class=\"elementor-widget-container\">\n\t\t\t\t\t\t\t\t\t\t\t\t\t\t\t<img fetchpriority=\"high\" decoding=\"async\" width=\"1024\" height=\"1024\" src=\"https:\/\/taceo.com.tr\/wp-content\/uploads\/2025\/01\/pointwelding11.webp\" class=\"attachment-full size-full wp-image-5432 not-transparent\" alt=\"\" srcset=\"https:\/\/taceo.com.tr\/wp-content\/uploads\/2025\/01\/pointwelding11.webp 1024w, https:\/\/taceo.com.tr\/wp-content\/uploads\/2025\/01\/pointwelding11-300x300.webp 300w, https:\/\/taceo.com.tr\/wp-content\/uploads\/2025\/01\/pointwelding11-100x100.webp 100w, https:\/\/taceo.com.tr\/wp-content\/uploads\/2025\/01\/pointwelding11-600x600.webp 600w, https:\/\/taceo.com.tr\/wp-content\/uploads\/2025\/01\/pointwelding11-150x150.webp 150w, https:\/\/taceo.com.tr\/wp-content\/uploads\/2025\/01\/pointwelding11-768x768.webp 768w, https:\/\/taceo.com.tr\/wp-content\/uploads\/2025\/01\/pointwelding11-720x720.webp 720w\" sizes=\"(max-width: 1024px) 100vw, 1024px\" data-has-transparency=\"false\" data-dominant-color=\"888d8b\" style=\"--dominant-color: #888d8b\" \/>\t\t\t\t\t\t\t\t\t\t\t\t\t\t\t<\/div>\n\t\t\t\t<\/div>\n\t\t\t\t\t<\/div>\n\t\t<\/div>\n\t\t\t\t<div class=\"elementor-column elementor-col-50 elementor-top-column elementor-element elementor-element-8d40657 ot-flex-column-vertical\" data-id=\"8d40657\" data-element_type=\"column\">\n\t\t\t<div class=\"elementor-widget-wrap elementor-element-populated\">\n\t\t\t\t\t\t<div class=\"elementor-element elementor-element-b059e25 elementor-widget elementor-widget-iheading\" data-id=\"b059e25\" data-element_type=\"widget\" data-widget_type=\"iheading.default\">\n\t\t\t\t<div class=\"elementor-widget-container\">\n\t\t\t\t\t\t\t<div class=\"ot-heading\">\r\n\t        \t            <span>\/\/ taceo<\/span>\r\n\t        <h2 class=\"main-heading\">\u0130htiyac\u0131n\u0131za Uygun <br>\n\u00d6zel Uygulamalar \u00dcretiyoruz<\/h2>\t    <\/div>\r\n\t    \t\t\t\t<\/div>\n\t\t\t\t<\/div>\n\t\t\t\t<section class=\"elementor-section elementor-inner-section elementor-element elementor-element-5f1f08f elementor-section-full_width ot-traditional elementor-section-height-default elementor-section-height-default\" data-id=\"5f1f08f\" data-element_type=\"section\">\n\t\t\t\t\t\t<div class=\"elementor-container elementor-column-gap-extended\">\n\t\t\t\t\t<div class=\"elementor-column elementor-col-50 elementor-inner-column elementor-element elementor-element-4abda34 ot-flex-column-vertical\" data-id=\"4abda34\" data-element_type=\"column\">\n\t\t\t<div class=\"elementor-widget-wrap elementor-element-populated\">\n\t\t\t\t\t\t<div class=\"elementor-element elementor-element-32b356f elementor-widget elementor-widget-heading\" data-id=\"32b356f\" data-element_type=\"widget\" data-widget_type=\"heading.default\">\n\t\t\t\t<div class=\"elementor-widget-container\">\n\t\t\t\t\t<span class=\"elementor-heading-title elementor-size-default\">01.<\/span>\t\t\t\t<\/div>\n\t\t\t\t<\/div>\n\t\t\t\t<div class=\"elementor-element elementor-element-b11afd0 elementor-widget elementor-widget-heading\" data-id=\"b11afd0\" data-element_type=\"widget\" data-widget_type=\"heading.default\">\n\t\t\t\t<div class=\"elementor-widget-container\">\n\t\t\t\t\t<h6 class=\"elementor-heading-title elementor-size-default\">Bilgisayar Uygulamalar\u0131<\/h6>\t\t\t\t<\/div>\n\t\t\t\t<\/div>\n\t\t\t\t<div class=\"elementor-element elementor-element-88e9941 elementor-widget elementor-widget-text-editor\" data-id=\"88e9941\" data-element_type=\"widget\" data-widget_type=\"text-editor.default\">\n\t\t\t\t<div class=\"elementor-widget-container\">\n\t\t\t\t\t\t\t\t\t<p>Bilgisayar yaz\u0131l\u0131mlar\u0131 ile otomasyon sistemlerini entegre ediyoruz.<\/p>\t\t\t\t\t\t\t\t<\/div>\n\t\t\t\t<\/div>\n\t\t\t\t\t<\/div>\n\t\t<\/div>\n\t\t\t\t<div class=\"elementor-column elementor-col-50 elementor-inner-column elementor-element elementor-element-748cc6c ot-flex-column-vertical\" data-id=\"748cc6c\" data-element_type=\"column\">\n\t\t\t<div class=\"elementor-widget-wrap elementor-element-populated\">\n\t\t\t\t\t\t<div class=\"elementor-element elementor-element-37dda7b elementor-widget elementor-widget-heading\" data-id=\"37dda7b\" data-element_type=\"widget\" data-widget_type=\"heading.default\">\n\t\t\t\t<div class=\"elementor-widget-container\">\n\t\t\t\t\t<span class=\"elementor-heading-title elementor-size-default\">02.<\/span>\t\t\t\t<\/div>\n\t\t\t\t<\/div>\n\t\t\t\t<div class=\"elementor-element elementor-element-e173cf4 elementor-widget elementor-widget-heading\" data-id=\"e173cf4\" data-element_type=\"widget\" data-widget_type=\"heading.default\">\n\t\t\t\t<div class=\"elementor-widget-container\">\n\t\t\t\t\t<h6 class=\"elementor-heading-title elementor-size-default\">CNC Kontrol\u00fc<\/h6>\t\t\t\t<\/div>\n\t\t\t\t<\/div>\n\t\t\t\t<div class=\"elementor-element elementor-element-a7b1ece elementor-widget elementor-widget-text-editor\" data-id=\"a7b1ece\" data-element_type=\"widget\" data-widget_type=\"text-editor.default\">\n\t\t\t\t<div class=\"elementor-widget-container\">\n\t\t\t\t\t\t\t\t\t<p>Linux i\u015fletim sistemi ile CNC ve Robotik cihazlar\u0131 daha performansl\u0131 s\u00fcrebiliyoruz.<\/p>\t\t\t\t\t\t\t\t<\/div>\n\t\t\t\t<\/div>\n\t\t\t\t\t<\/div>\n\t\t<\/div>\n\t\t\t\t\t<\/div>\n\t\t<\/section>\n\t\t\t\t<section class=\"elementor-section elementor-inner-section elementor-element elementor-element-c0b5187 elementor-section-full_width ot-traditional elementor-section-height-default elementor-section-height-default\" data-id=\"c0b5187\" data-element_type=\"section\">\n\t\t\t\t\t\t<div class=\"elementor-container elementor-column-gap-extended\">\n\t\t\t\t\t<div class=\"elementor-column elementor-col-50 elementor-inner-column elementor-element elementor-element-cadbcca ot-flex-column-vertical\" data-id=\"cadbcca\" data-element_type=\"column\">\n\t\t\t<div class=\"elementor-widget-wrap elementor-element-populated\">\n\t\t\t\t\t\t<div class=\"elementor-element elementor-element-3d548c6 elementor-widget elementor-widget-heading\" data-id=\"3d548c6\" data-element_type=\"widget\" data-widget_type=\"heading.default\">\n\t\t\t\t<div class=\"elementor-widget-container\">\n\t\t\t\t\t<span class=\"elementor-heading-title elementor-size-default\">03.<\/span>\t\t\t\t<\/div>\n\t\t\t\t<\/div>\n\t\t\t\t<div class=\"elementor-element elementor-element-6229492 elementor-widget elementor-widget-heading\" data-id=\"6229492\" data-element_type=\"widget\" data-widget_type=\"heading.default\">\n\t\t\t\t<div class=\"elementor-widget-container\">\n\t\t\t\t\t<h6 class=\"elementor-heading-title elementor-size-default\">Elektronik Yaz\u0131l\u0131m Uygulamalar\u0131<\/h6>\t\t\t\t<\/div>\n\t\t\t\t<\/div>\n\t\t\t\t<div class=\"elementor-element elementor-element-1a4f548 elementor-widget elementor-widget-text-editor\" data-id=\"1a4f548\" data-element_type=\"widget\" data-widget_type=\"text-editor.default\">\n\t\t\t\t<div class=\"elementor-widget-container\">\n\t\t\t\t\t\t\t\t\t<p>\u00d6zel gereksinimler do\u011frultusunda, elektronik karlar ve cihazlar \u00fcretiyor bilgisayar ara y\u00fcz\u00fc ile konfig\u00fcrasyon yapt\u0131rabiliyoruz.<\/p>\t\t\t\t\t\t\t\t<\/div>\n\t\t\t\t<\/div>\n\t\t\t\t\t<\/div>\n\t\t<\/div>\n\t\t\t\t<div class=\"elementor-column elementor-col-50 elementor-inner-column elementor-element elementor-element-4d21e26 ot-flex-column-vertical\" data-id=\"4d21e26\" data-element_type=\"column\">\n\t\t\t<div class=\"elementor-widget-wrap elementor-element-populated\">\n\t\t\t\t\t\t<div class=\"elementor-element elementor-element-85b7cda elementor-widget elementor-widget-heading\" data-id=\"85b7cda\" data-element_type=\"widget\" data-widget_type=\"heading.default\">\n\t\t\t\t<div class=\"elementor-widget-container\">\n\t\t\t\t\t<span class=\"elementor-heading-title elementor-size-default\">04.<\/span>\t\t\t\t<\/div>\n\t\t\t\t<\/div>\n\t\t\t\t<div class=\"elementor-element elementor-element-e16ac85 elementor-widget elementor-widget-heading\" data-id=\"e16ac85\" data-element_type=\"widget\" data-widget_type=\"heading.default\">\n\t\t\t\t<div class=\"elementor-widget-container\">\n\t\t\t\t\t<h6 class=\"elementor-heading-title elementor-size-default\">Web Scada<\/h6>\t\t\t\t<\/div>\n\t\t\t\t<\/div>\n\t\t\t\t<div class=\"elementor-element elementor-element-ab16159 elementor-widget elementor-widget-text-editor\" data-id=\"ab16159\" data-element_type=\"widget\" data-widget_type=\"text-editor.default\">\n\t\t\t\t<div class=\"elementor-widget-container\">\n\t\t\t\t\t\t\t\t\t<p>Otomasyona dair ne var ise web de \u00e7\u00f6z\u00fcm\u00fcn\u00fc sunuyoruz.<\/p>\t\t\t\t\t\t\t\t<\/div>\n\t\t\t\t<\/div>\n\t\t\t\t\t<\/div>\n\t\t<\/div>\n\t\t\t\t\t<\/div>\n\t\t<\/section>\n\t\t\t\t\t<\/div>\n\t\t<\/div>\n\t\t\t\t\t<\/div>\n\t\t<\/section>\n\t\t\t\t<section class=\"elementor-section elementor-top-section elementor-element elementor-element-c2683a6 ot-traditional elementor-section-boxed elementor-section-height-default elementor-section-height-default\" data-id=\"c2683a6\" data-element_type=\"section\">\n\t\t\t\t\t\t<div class=\"elementor-container elementor-column-gap-extended\">\n\t\t\t\t\t<div class=\"elementor-column elementor-col-33 elementor-top-column elementor-element elementor-element-c78c094 ot-flex-column-vertical\" data-id=\"c78c094\" data-element_type=\"column\">\n\t\t\t<div class=\"elementor-widget-wrap elementor-element-populated\">\n\t\t\t\t\t\t<div class=\"elementor-element elementor-element-30f5848 elementor-widget elementor-widget-iservice_box\" data-id=\"30f5848\" data-element_type=\"widget\" data-widget_type=\"iservice_box.default\">\n\t\t\t\t<div class=\"elementor-widget-container\">\n\t\t\t\t\t\r\n\t\t<div class=\"service-box s-box\">\r\n\t\t\t<span class=\"big-number\">01<\/span>\r\n\t\t\t<div class=\"icon-main\">\r\n\t\t        \t\t\t    \t\t        <span class=\"flaticon-correct\"><\/span>\t        <\/div>\r\n\t        <div class=\"content-box\">\r\n\t            <h5>Makine \u00d6\u011frenmesi<\/h5>\r\n\t            <p>Robotik Deste\u011fi Sunuyoruz<\/p>\r\n\t        <\/div>\r\n\t    <\/div>\r\n\r\n\t    \t\t\t\t<\/div>\n\t\t\t\t<\/div>\n\t\t\t\t\t<\/div>\n\t\t<\/div>\n\t\t\t\t<div class=\"elementor-column elementor-col-33 elementor-top-column elementor-element elementor-element-3685830 ot-flex-column-vertical\" data-id=\"3685830\" data-element_type=\"column\">\n\t\t\t<div class=\"elementor-widget-wrap elementor-element-populated\">\n\t\t\t\t\t\t<div class=\"elementor-element elementor-element-403e727 elementor-widget elementor-widget-iservice_box\" data-id=\"403e727\" data-element_type=\"widget\" data-widget_type=\"iservice_box.default\">\n\t\t\t\t<div class=\"elementor-widget-container\">\n\t\t\t\t\t\r\n\t\t<div class=\"service-box s-box\">\r\n\t\t\t<span class=\"big-number\">02<\/span>\r\n\t\t\t<div class=\"icon-main\">\r\n\t\t        \t\t\t    \t\t        <span class=\"flaticon-correct\"><\/span>\t        <\/div>\r\n\t        <div class=\"content-box\">\r\n\t            <h5>AI Uygulamalar\u0131<\/h5>\r\n\t            <p>Yapay Zeka \u0130le Destekliyoruz<\/p>\r\n\t        <\/div>\r\n\t    <\/div>\r\n\r\n\t    \t\t\t\t<\/div>\n\t\t\t\t<\/div>\n\t\t\t\t\t<\/div>\n\t\t<\/div>\n\t\t\t\t<div class=\"elementor-column elementor-col-33 elementor-top-column elementor-element elementor-element-d000ccb ot-flex-column-vertical\" data-id=\"d000ccb\" data-element_type=\"column\">\n\t\t\t<div class=\"elementor-widget-wrap elementor-element-populated\">\n\t\t\t\t\t\t<div class=\"elementor-element elementor-element-fa18db0 elementor-widget elementor-widget-iservice_box\" data-id=\"fa18db0\" data-element_type=\"widget\" data-widget_type=\"iservice_box.default\">\n\t\t\t\t<div class=\"elementor-widget-container\">\n\t\t\t\t\t\r\n\t\t<div class=\"service-box s-box\">\r\n\t\t\t<span class=\"big-number\">03<\/span>\r\n\t\t\t<div class=\"icon-main\">\r\n\t\t        \t\t\t    \t\t        <span class=\"flaticon-correct\"><\/span>\t        <\/div>\r\n\t        <div class=\"content-box\">\r\n\t            <h5>Linux OS Bilgisayar<\/h5>\r\n\t            <p>A\u00e7\u0131k Kaynak Kodlar\u0131 ile Daha \u00d6zg\u00fcr\u00fcz<\/p>\r\n\t        <\/div>\r\n\t    <\/div>\r\n\r\n\t    \t\t\t\t<\/div>\n\t\t\t\t<\/div>\n\t\t\t\t\t<\/div>\n\t\t<\/div>\n\t\t\t\t\t<\/div>\n\t\t<\/section>\n\t\t\t\t<section class=\"elementor-section elementor-top-section elementor-element elementor-element-1cf364b elementor-section-full_width ot-traditional elementor-section-height-default elementor-section-height-default\" data-id=\"1cf364b\" data-element_type=\"section\" data-settings=\"{&quot;background_background&quot;:&quot;classic&quot;}\">\n\t\t\t\t\t\t<div class=\"elementor-container elementor-column-gap-no\">\n\t\t\t\t\t<div class=\"elementor-column elementor-col-50 elementor-top-column elementor-element elementor-element-8c8e883 ot-flex-column-vertical\" data-id=\"8c8e883\" data-element_type=\"column\">\n\t\t\t<div class=\"elementor-widget-wrap elementor-element-populated\">\n\t\t\t\t\t\t<section class=\"elementor-section elementor-inner-section elementor-element elementor-element-d619fd2 elementor-section-full_width ot-traditional elementor-section-height-default elementor-section-height-default\" data-id=\"d619fd2\" data-element_type=\"section\">\n\t\t\t\t\t\t<div class=\"elementor-container elementor-column-gap-default\">\n\t\t\t\t\t<div class=\"elementor-column elementor-col-100 elementor-inner-column elementor-element elementor-element-475b0e1 ot-flex-column-vertical\" data-id=\"475b0e1\" data-element_type=\"column\">\n\t\t\t<div class=\"elementor-widget-wrap elementor-element-populated\">\n\t\t\t\t\t\t<div class=\"elementor-element elementor-element-e4bc039 elementor-widget elementor-widget-iheading\" data-id=\"e4bc039\" data-element_type=\"widget\" data-widget_type=\"iheading.default\">\n\t\t\t\t<div class=\"elementor-widget-container\">\n\t\t\t\t\t\t\t<div class=\"ot-heading\">\r\n\t        \t            <span>\/\/ TACEO<\/span>\r\n\t        <h2 class=\"main-heading\">Sorunlar\u0131n\u0131z\u0131 dinliyoruz <br>\nProses geli\u015ftiriyoruz<\/h2>\t    <\/div>\r\n\t    \t\t\t\t<\/div>\n\t\t\t\t<\/div>\n\t\t\t\t\t<\/div>\n\t\t<\/div>\n\t\t\t\t\t<\/div>\n\t\t<\/section>\n\t\t\t\t<div class=\"elementor-element elementor-element-676d713 elementor-widget elementor-widget-itabs\" data-id=\"676d713\" data-element_type=\"widget\" data-widget_type=\"itabs.default\">\n\t\t\t\t<div class=\"elementor-widget-container\">\n\t\t\t\t\t\r\n\t\t<div class=\"ot-tabs\">\r\n\t\t\t\t\t\t<ul class=\"tabs-heading unstyle\">\r\n\t\t\t\t\t\t\t\t<li class=\"tab-link octf-btn\" data-tab=\"tab-1837\">Analiz<\/li>\r\n\t\t\t\t\t\t\t\t<li class=\"tab-link octf-btn\" data-tab=\"tab-2837\">Tasar\u0131m<\/li>\r\n\t\t\t\t\t\t\t\t<li class=\"tab-link octf-btn\" data-tab=\"tab-3837\">Test<\/li>\r\n\t\t\t\t\t\t\t<\/ul>\r\n\t\t\t\t\t\t<div id=\"tab-1837\" class=\"tab-content\">\r\n\t\t\t\t<p>\u0130\u015fletmelerin kar\u015f\u0131la\u015ft\u0131\u011f\u0131 sorunlar\u0131 analiz ederken m\u00fc\u015fteri ihtiya\u00e7lar\u0131n\u0131 ve en uygun \u00e7\u00f6z\u00fcmleri g\u00f6z \u00f6n\u00fcnde bulundururuz.<\/p>\t\t\t<\/div>\r\n\t\t\t\t\t\t<div id=\"tab-2837\" class=\"tab-content\">\r\n\t\t\t\t<p>\u00dcr\u00fcn tasar\u0131m s\u00fcrecinde ise teknolojiye ve kalite standartlar\u0131na uyum sa\u011flarken, ayn\u0131 zamanda ergonomi, g\u00fcvenlik, dayan\u0131kl\u0131l\u0131k, verimlilik, s\u00fcrd\u00fcr\u00fclebilirlik ve maliyet optimizasyonu gibi \u00fcr\u00fcn tasar\u0131m\u0131nda dikkat edilmesi gereken t\u00fcm hususlara titizlikle uyar\u0131z.<\/p>\t\t\t<\/div>\r\n\t\t\t\t\t\t<div id=\"tab-3837\" class=\"tab-content\">\r\n\t\t\t\t<p>Test ve devreye alma s\u00fcre\u00e7lerinde ise, sistemlerin g\u00fcvenilirli\u011fini ve performans\u0131n\u0131 sa\u011flamak i\u00e7in detayl\u0131 test prosed\u00fcrleri uygular, fonksiyonellik, entegrasyon, dayan\u0131kl\u0131l\u0131k ve g\u00fcvenlik testlerini titizlikle ger\u00e7ekle\u015ftiririz.<\/p>\t\t\t<\/div>\r\n\t\t\t\t    <\/div>\r\n\r\n\t    \t\t\t\t<\/div>\n\t\t\t\t<\/div>\n\t\t\t\t\t<\/div>\n\t\t<\/div>\n\t\t\t\t<div class=\"elementor-column elementor-col-50 elementor-top-column elementor-element elementor-element-a2c8f86 ot-column-items-center ot-flex-column-vertical\" data-id=\"a2c8f86\" data-element_type=\"column\" data-settings=\"{&quot;background_background&quot;:&quot;classic&quot;}\">\n\t\t\t<div class=\"elementor-widget-wrap elementor-element-populated\">\n\t\t\t\t\t\t<div class=\"elementor-element elementor-element-994594b elementor-widget elementor-widget-ivideopopup\" data-id=\"994594b\" data-element_type=\"widget\" data-widget_type=\"ivideopopup.default\">\n\t\t\t\t<div class=\"elementor-widget-container\">\n\t\t\t\t\t\t\t<div class=\"video-popup\">\r\n\t\t\t<div class=\"btn-inner\">\r\n\t\t        <a class=\"btn-play\" href=\"https:\/\/vimeo.com\/94686522\">\r\n\t\t        \t<i class=\"flaticon-play\"><\/i>\r\n\t\t        \t\t\t        \t<span class=\"circle-1\"><\/span>\r\n\t\t\t\t\t<span class=\"circle-2\"><\/span>\r\n\t\t\t\t\t\t\t        <\/a>\r\n\t        <\/div>\r\n\t        \t    <\/div>\r\n\t    \t\t\t\t<\/div>\n\t\t\t\t<\/div>\n\t\t\t\t\t<\/div>\n\t\t<\/div>\n\t\t\t\t\t<\/div>\n\t\t<\/section>\n\t\t\t\t<\/div>\n\t\t","protected":false},"excerpt":{"rendered":"<p>\/\/ taceo \u0130htiyac\u0131n\u0131za Uygun \u00d6zel Uygulamalar \u00dcretiyoruz 01. Bilgisayar Uygulamalar\u0131 Bilgisayar yaz\u0131l\u0131mlar\u0131 ile otomasyon sistemlerini entegre ediyoruz. 02. CNC Kontrol\u00fc Linux i\u015fletim sistemi ile CNC ve Robotik cihazlar\u0131 daha performansl\u0131 s\u00fcrebiliyoruz. 03. Elektronik Yaz\u0131l\u0131m Uygulamalar\u0131 \u00d6zel gereksinimler do\u011frultusunda, elektronik karlar ve cihazlar \u00fcretiyor bilgisayar ara y\u00fcz\u00fc ile konfig\u00fcrasyon yapt\u0131rabiliyoruz. 04. Web Scada Otomasyona dair ne [&hellip;]<\/p>\n","protected":false},"author":1,"featured_media":0,"parent":2407,"menu_order":0,"comment_status":"closed","ping_status":"closed","template":"","meta":{"_joinchat":[],"footnotes":""},"class_list":["post-6135","page","type-page","status-publish","hentry"],"_links":{"self":[{"href":"https:\/\/taceo.com.tr\/index.php?rest_route=\/wp\/v2\/pages\/6135","targetHints":{"allow":["GET"]}}],"collection":[{"href":"https:\/\/taceo.com.tr\/index.php?rest_route=\/wp\/v2\/pages"}],"about":[{"href":"https:\/\/taceo.com.tr\/index.php?rest_route=\/wp\/v2\/types\/page"}],"author":[{"embeddable":true,"href":"https:\/\/taceo.com.tr\/index.php?rest_route=\/wp\/v2\/users\/1"}],"replies":[{"embeddable":true,"href":"https:\/\/taceo.com.tr\/index.php?rest_route=%2Fwp%2Fv2%2Fcomments&post=6135"}],"version-history":[{"count":4,"href":"https:\/\/taceo.com.tr\/index.php?rest_route=\/wp\/v2\/pages\/6135\/revisions"}],"predecessor-version":[{"id":6154,"href":"https:\/\/taceo.com.tr\/index.php?rest_route=\/wp\/v2\/pages\/6135\/revisions\/6154"}],"up":[{"embeddable":true,"href":"https:\/\/taceo.com.tr\/index.php?rest_route=\/wp\/v2\/pages\/2407"}],"wp:attachment":[{"href":"https:\/\/taceo.com.tr\/index.php?rest_route=%2Fwp%2Fv2%2Fmedia&parent=6135"}],"curies":[{"name":"wp","href":"https:\/\/api.w.org\/{rel}","templated":true}]}}